{"id":1448,"date":"2018-01-25T16:29:37","date_gmt":"2018-01-25T15:29:37","guid":{"rendered":"https:\/\/huddinge.seniornet.se\/?page_id=1448"},"modified":"2025-09-29T09:34:51","modified_gmt":"2025-09-29T07:34:51","slug":"kontakt","status":"publish","type":"page","link":"https:\/\/huddinge.seniornet.se\/?page_id=1448","title":{"rendered":"Kontakt"},"content":{"rendered":"<p>Har du fr\u00e5gor och \u00f6nskem\u00e5l eller vill du anm\u00e4la dig till en cirkel kontakta oss g\u00e4rna via mejl:\u00a0<strong><a href=\"mailto:huddinge.seniornet@gmail.com\" target=\"_blank\" rel=\"noopener noreferrer\">huddinge.seniornet@gmail.com<\/a><\/strong><\/p>\n<h2>SeniorNet Huddinge<\/h2>\n<p><span class=\"fieldValue\"><span class=\"text middlewidth fieldTitle\">Webbplats:\u00a0<a href=\"https:\/\/huddinge.seniornet.se\/\" target=\"_blank\" rel=\"noopener noreferrer\">https:\/\/huddinge.seniornet.se\/<\/a><\/span><\/span><\/p>\n<p><span class=\"fieldValue\"><span class=\"text middlewidth fieldTitle\">E-postadress:\u00a0<a href=\"mailto:huddinge.seniornet@gmail.com\" target=\"_blank\" rel=\"noopener noreferrer\">huddinge.seniornet@gmail.com<\/a><\/span><\/span><\/p>\n<p><span class=\"fieldValue\"><span class=\"text middlewidth fieldTitle\">Telefon: Ordf\u00f6rande: 070-9750011<\/span><\/span><\/p>\n<p>Bes\u00f6ksadress:\u00a0SeniorNet Huddinge bedriver verksamhet fr\u00e4mst p\u00e5 Huvudbiblioteket Huddinge, Kommunalv\u00e4gen 28 A, Huddinge.<\/p>\n<p><span class=\"fieldValue\"><span class=\"text middlewidth fieldTitle\">Organisationsnummer: <\/span>802488-3087<\/span><\/p>\n<p><span class=\"fieldValue\"><span class=\"text middlewidth fieldTitle\">Bank-\/Plusgiro: <\/span>276-3167<\/span><\/p>\n<p>Sidan uppdaterad: 2025-09-29<\/p>\n<hr \/>\n","protected":false},"excerpt":{"rendered":"<p>Har du fr\u00e5gor och \u00f6nskem\u00e5l eller vill du anm\u00e4la dig till en cirkel kontakta oss g\u00e4rna via mejl:\u00a0huddinge.seniornet@gmail.com SeniorNet Huddinge Webbplats:\u00a0https:\/\/huddinge.seniornet.se\/ E-postadress:\u00a0huddinge.seniornet@gmail.com Telefon: Ordf\u00f6rande: 070-9750011 Bes\u00f6ksadress:\u00a0SeniorNet Huddinge bedriver verksamhet fr\u00e4mst p\u00e5 Huvudbiblioteket Huddinge, Kommunalv\u00e4gen 28 A, Huddinge. Organisationsnummer: 802488-3087 Bank-\/Plusgiro: &hellip;<\/p>\n<p class=\"read-more\"> <a class=\"more-link\" href=\"https:\/\/huddinge.seniornet.se\/?page_id=1448\"> <span class=\"screen-reader-text\">Kontakt<\/span> L\u00e4s mer &raquo;<\/a><\/p>\n","protected":false},"author":32,"featured_media":0,"parent":0,"menu_order":380,"comment_status":"closed","ping_status":"closed","template":"","meta":{"_exactmetrics_skip_tracking":false,"_exactmetrics_sitenote_active":false,"_exactmetrics_sitenote_note":"","_exactmetrics_sitenote_category":0,"footnotes":""},"class_list":["post-1448","page","type-page","status-publish","hentry"],"_links":{"self":[{"href":"https:\/\/huddinge.seniornet.se\/index.php?rest_route=\/wp\/v2\/pages\/1448","targetHints":{"allow":["GET"]}}],"collection":[{"href":"https:\/\/huddinge.seniornet.se\/index.php?rest_route=\/wp\/v2\/pages"}],"about":[{"href":"https:\/\/huddinge.seniornet.se\/index.php?rest_route=\/wp\/v2\/types\/page"}],"author":[{"embeddable":true,"href":"https:\/\/huddinge.seniornet.se\/index.php?rest_route=\/wp\/v2\/users\/32"}],"replies":[{"embeddable":true,"href":"https:\/\/huddinge.seniornet.se\/index.php?rest_route=%2Fwp%2Fv2%2Fcomments&post=1448"}],"version-history":[{"count":2,"href":"https:\/\/huddinge.seniornet.se\/index.php?rest_route=\/wp\/v2\/pages\/1448\/revisions"}],"predecessor-version":[{"id":3866,"href":"https:\/\/huddinge.seniornet.se\/index.php?rest_route=\/wp\/v2\/pages\/1448\/revisions\/3866"}],"wp:attachment":[{"href":"https:\/\/huddinge.seniornet.se\/index.php?rest_route=%2Fwp%2Fv2%2Fmedia&parent=1448"}],"curies":[{"name":"wp","href":"https:\/\/api.w.org\/{rel}","templated":true}]}}